{"id":71,"date":"2015-01-04T19:19:48","date_gmt":"2015-01-04T17:19:48","guid":{"rendered":"http:\/\/luedemann-concepts.de\/?page_id=71"},"modified":"2023-03-11T14:46:11","modified_gmt":"2023-03-11T12:46:11","slug":"impressum","status":"publish","type":"page","link":"https:\/\/luedemann-concepts.de\/?page_id=71","title":{"rendered":"Impressum"},"content":{"rendered":"<p>&#8211; Diese Seite befindet sich im Aufbau &#8211;<\/p>\n<p>Verantwortlich im Sinne des Pressegesetzes:<\/p>\n<p>Robert L\u00fcdemann<\/p>\n<p>L\u00fcdemann concepts UG (haftungsbeschr\u00e4nkt)<\/p>\n<p>Sitz der Gesellschaft ist Bonn<br \/>\nAmtsgericht Bonn HRB 21444<\/p>\n<p>Gesch\u00e4ftsf\u00fchrer: Robert L\u00fcdemann<\/p>\n<p>Anschrift: Fuhrweg 3, 53229 Bonn<\/p>\n<p>Email: contact(at)luedemann-concepts.de<br \/>\nHomepage: www.luedemann-concepts.de<\/p>\n<p>Es wird keine Haftung f\u00fcr Links zu und von Seiten Dritter \u00fcbernommen.<br \/>\nSollten Inhalte dieser Seite gegen Rechte Dritter versto\u00dfen, so werden diese nach dem Anzeigen umgehend beseitigt.<\/p>\n<p>Bitte nehmen Sie Kontakt auf.<\/p>\n","protected":false},"excerpt":{"rendered":"<div class=\"slide-text-bg2\"><span>&#8211; Diese Seite befindet sich im Aufbau &#8211; Verantwortlich im Sinne des Pressegesetzes: Robert L\u00fcdemann L\u00fcdemann concepts UG (haftungsbeschr\u00e4nkt<\/span><\/div>\n<div class=\"slide-btn-area-sm\"><a href=\"https:\/\/luedemann-concepts.de\/?page_id=71\" class=\"slide-btn-sm\">weiterlesen<\/a><\/div>\n","protected":false},"author":1,"featured_media":0,"parent":0,"menu_order":0,"comment_status":"closed","ping_status":"open","template":"","meta":[],"_links":{"self":[{"href":"https:\/\/luedemann-concepts.de\/index.php?rest_route=\/wp\/v2\/pages\/71"}],"collection":[{"href":"https:\/\/luedemann-concepts.de\/index.php?rest_route=\/wp\/v2\/pages"}],"about":[{"href":"https:\/\/luedemann-concepts.de\/index.php?rest_route=\/wp\/v2\/types\/page"}],"author":[{"embeddable":true,"href":"https:\/\/luedemann-concepts.de\/index.php?rest_route=\/wp\/v2\/users\/1"}],"replies":[{"embeddable":true,"href":"https:\/\/luedemann-concepts.de\/index.php?rest_route=%2Fwp%2Fv2%2Fcomments&post=71"}],"version-history":[{"count":6,"href":"https:\/\/luedemann-concepts.de\/index.php?rest_route=\/wp\/v2\/pages\/71\/revisions"}],"predecessor-version":[{"id":193,"href":"https:\/\/luedemann-concepts.de\/index.php?rest_route=\/wp\/v2\/pages\/71\/revisions\/193"}],"wp:attachment":[{"href":"https:\/\/luedemann-concepts.de\/index.php?rest_route=%2Fwp%2Fv2%2Fmedia&parent=71"}],"curies":[{"name":"wp","href":"https:\/\/api.w.org\/{rel}","templated":true}]}}